{"id":1646,"date":"2023-03-16T13:53:25","date_gmt":"2023-03-16T13:53:25","guid":{"rendered":"https:\/\/tecnologia.vamtam.com\/?page_id=1646"},"modified":"2025-05-14T12:22:27","modified_gmt":"2025-05-14T12:22:27","slug":"terms-conditions","status":"publish","type":"page","link":"https:\/\/travelsoftservices.com\/es\/terms-conditions\/","title":{"rendered":"Pol\u00edtica de cookies"},"content":{"rendered":"<div data-elementor-type=\"wp-page\" data-elementor-id=\"1646\" class=\"elementor elementor-1646\" data-elementor-post-type=\"page\">\n\t\t\t\t\t\t<section class=\"elementor-section elementor-top-section elementor-element elementor-element-e37aa05 elementor-section-boxed elementor-section-height-default elementor-section-height-default\" data-id=\"e37aa05\" data-element_type=\"section\" data-e-type=\"section\">\n\t\t\t\t\t\t<div class=\"elementor-container elementor-column-gap-default\">\n\t\t\t\t\t<div class=\"elementor-column elementor-col-100 elementor-top-column elementor-element elementor-element-8b3e74f\" data-id=\"8b3e74f\" data-element_type=\"column\" data-e-type=\"column\">\n\t\t\t<div class=\"elementor-widget-wrap elementor-element-populated\">\n\t\t\t\t\t\t<div class=\"elementor-element elementor-element-80298dd animated-slow elementor-invisible elementor-widget elementor-widget-heading\" data-id=\"80298dd\" data-element_type=\"widget\" data-e-type=\"widget\" data-settings=\"{&quot;_animation&quot;:&quot;fadeIn&quot;,&quot;_animation_tablet&quot;:&quot;none&quot;}\" data-widget_type=\"heading.default\">\n\t\t\t\t<div class=\"elementor-widget-container\">\n\t\t\t\t\t<h1 class=\"elementor-heading-title elementor-size-default\">Pol\u00edtica de cookies<\/h1>\t\t\t\t<\/div>\n\t\t\t\t<\/div>\n\t\t\t\t<div class=\"elementor-element elementor-element-76d638f animated-slow elementor-invisible elementor-widget elementor-widget-heading\" data-id=\"76d638f\" data-element_type=\"widget\" data-e-type=\"widget\" data-settings=\"{&quot;_animation&quot;:&quot;fadeIn&quot;,&quot;_animation_tablet&quot;:&quot;none&quot;,&quot;_animation_delay&quot;:300}\" data-widget_type=\"heading.default\">\n\t\t\t\t<div class=\"elementor-widget-container\">\n\t\t\t\t\t<p class=\"elementor-heading-title elementor-size-default\">para TravelSoft Services<\/p>\t\t\t\t<\/div>\n\t\t\t\t<\/div>\n\t\t\t\t<div class=\"elementor-element elementor-element-fed2f21 elementor-widget elementor-widget-spacer\" data-id=\"fed2f21\" data-element_type=\"widget\" data-e-type=\"widget\" data-widget_type=\"spacer.default\">\n\t\t\t\t<div class=\"elementor-widget-container\">\n\t\t\t\t\t\t\t<div class=\"elementor-spacer\">\n\t\t\t<div class=\"elementor-spacer-inner\"><\/div>\n\t\t<\/div>\n\t\t\t\t\t\t<\/div>\n\t\t\t\t<\/div>\n\t\t\t\t\t<\/div>\n\t\t<\/div>\n\t\t\t\t\t<\/div>\n\t\t<\/section>\n\t\t\t\t<section class=\"elementor-section elementor-top-section elementor-element elementor-element-3d75cf2 elementor-section-boxed elementor-section-height-default elementor-section-height-default\" data-id=\"3d75cf2\" data-element_type=\"section\" data-e-type=\"section\">\n\t\t\t\t\t\t<div class=\"elementor-container elementor-column-gap-no\">\n\t\t\t\t\t<div class=\"elementor-column elementor-col-100 elementor-top-column elementor-element elementor-element-2636055\" data-id=\"2636055\" data-element_type=\"column\" data-e-type=\"column\">\n\t\t\t<div class=\"elementor-widget-wrap elementor-element-populated\">\n\t\t\t\t\t\t<div class=\"elementor-element elementor-element-88f39b2 elementor-widget elementor-widget-heading\" data-id=\"88f39b2\" data-element_type=\"widget\" data-e-type=\"widget\" data-widget_type=\"heading.default\">\n\t\t\t\t<div class=\"elementor-widget-container\">\n\t\t\t\t\t<h3 class=\"elementor-heading-title elementor-size-default\">\u00bfQui\u00e9n es el editor de este sitio web?<\/h3>\t\t\t\t<\/div>\n\t\t\t\t<\/div>\n\t\t\t\t<div class=\"vamtam-has-theme-widget-styles elementor-element elementor-element-587737e elementor-widget elementor-widget-text-editor\" data-id=\"587737e\" data-element_type=\"widget\" data-e-type=\"widget\" data-widget_type=\"text-editor.default\">\n\t\t\t\t<div class=\"elementor-widget-container\">\n\t\t\t\t\t\t\t\t\t<p>TravelSoft Services S.L. Calle de Cal\u00e7at 6, 3\u00aa Planta, Pol\u00edgono Son Valent\u00ed, Palma de Mallorca, (Illes Balears) B19466770<\/p>\t\t\t\t\t\t\t\t<\/div>\n\t\t\t\t<\/div>\n\t\t\t\t<div class=\"elementor-element elementor-element-3d56e7d elementor-widget elementor-widget-heading\" data-id=\"3d56e7d\" data-element_type=\"widget\" data-e-type=\"widget\" data-widget_type=\"heading.default\">\n\t\t\t\t<div class=\"elementor-widget-container\">\n\t\t\t\t\t<h3 class=\"elementor-heading-title elementor-size-default\">\n\u00bfQu\u00e9 son las cookies?\n<\/h3>\t\t\t\t<\/div>\n\t\t\t\t<\/div>\n\t\t\t\t<div class=\"vamtam-has-theme-widget-styles elementor-element elementor-element-ade2499 elementor-widget elementor-widget-text-editor\" data-id=\"ade2499\" data-element_type=\"widget\" data-e-type=\"widget\" data-widget_type=\"text-editor.default\">\n\t\t\t\t<div class=\"elementor-widget-container\">\n\t\t\t\t\t\t\t\t\t<p>Este sitio web utiliza cookies y\/o tecnolog\u00edas similares que almacenan y recuperan informaci\u00f3n cuando navegas. En general, estas tecnolog\u00edas pueden servir para finalidades muy diversas, como, por ejemplo, reconocerle como usuario, obtener informaci\u00f3n sobre sus h\u00e1bitos de navegaci\u00f3n, o personalizar la forma en que se muestra el contenido. Los usos concretos que hacemos de estas tecnolog\u00edas se describen a continuaci\u00f3n.<\/p>\t\t\t\t\t\t\t\t<\/div>\n\t\t\t\t<\/div>\n\t\t\t\t<div class=\"elementor-element elementor-element-4fb569b elementor-widget elementor-widget-heading\" data-id=\"4fb569b\" data-element_type=\"widget\" data-e-type=\"widget\" data-widget_type=\"heading.default\">\n\t\t\t\t<div class=\"elementor-widget-container\">\n\t\t\t\t\t<h3 class=\"elementor-heading-title elementor-size-default\">\u00bfQu\u00e9 tipo de cookies se utilizan en este sitio web?<\/h3>\t\t\t\t<\/div>\n\t\t\t\t<\/div>\n\t\t\t\t<div class=\"vamtam-has-theme-widget-styles elementor-element elementor-element-54805d6 elementor-widget elementor-widget-text-editor\" data-id=\"54805d6\" data-element_type=\"widget\" data-e-type=\"widget\" data-widget_type=\"text-editor.default\">\n\t\t\t\t<div class=\"elementor-widget-container\">\n\t\t\t\t\t\t\t\t\t<p>Nuestra web utiliza cookies propias, as\u00ed como de Google (m\u00e1s informaci\u00f3n en https:\/\/policies.google.com\/privacy?hl=es) y Facebook (m\u00e1s informaci\u00f3n en https:\/\/www.facebook.com\/about\/privacy\/) con las siguientes finalidades:<\/p><ul><li>Necesarias: las cookies necesarias son imprescindibles para poder navegar correctamente en nuestra web, y por ello no requieren del consentimiento por parte del usuario. Por ejemplo, se componen de cookies que guardan temporalmente las preferencias del usuario mientras navega entre las distintas p\u00e1ginas, o permite el acceso seguro de usuario en zonas donde lo requiera.<\/li><li>An\u00e1lisis: permiten cuantificar el n\u00famero de usuarios y as\u00ed\u0301 realizar la medici\u00f3n y an\u00e1lisis estad\u00edstico de la utilizaci\u00f3n que hacen los usuarios de la web. Para ello se analiza su navegaci\u00f3n en nuestra p\u00e1gina web con el fin de mejorar los servicios que ofrece Google. M\u00e1s adelante se detallan las finalidades de las cookies.<\/li><\/ul>\t\t\t\t\t\t\t\t<\/div>\n\t\t\t\t<\/div>\n\t\t\t\t<div class=\"elementor-element elementor-element-1e72e60 elementor-widget elementor-widget-heading\" data-id=\"1e72e60\" data-element_type=\"widget\" data-e-type=\"widget\" data-widget_type=\"heading.default\">\n\t\t\t\t<div class=\"elementor-widget-container\">\n\t\t\t\t\t<h3 class=\"elementor-heading-title elementor-size-default\">\u00bfC\u00f3mo configurar y desactivar las cookies?\n<\/h3>\t\t\t\t<\/div>\n\t\t\t\t<\/div>\n\t\t\t\t<div class=\"vamtam-has-theme-widget-styles elementor-element elementor-element-8e99d78 elementor-widget elementor-widget-text-editor\" data-id=\"8e99d78\" data-element_type=\"widget\" data-e-type=\"widget\" data-widget_type=\"text-editor.default\">\n\t\t\t\t<div class=\"elementor-widget-container\">\n\t\t\t\t\t\t\t\t\t<p>Puede usted permitir o bloquear las cookies, as\u00ed como borrar sus datos de navegaci\u00f3n (incluidas las cookies) desde el navegador que usted utiliza. Consulte las opciones e instrucciones que ofrece su navegador para ello. Tenga en cuenta que, si acepta las cookies de terceros, deber\u00e1\u0301 eliminarlas desde las opciones del navegador. Por \u00faltimo, le informamos que puede ejercer sus derechos seg\u00fan el cap\u00edtulo III del Reglamento General de Protecci\u00f3n de Datos, de acceso, rectificaci\u00f3n, limitaci\u00f3n, portabilidad, cancelaci\u00f3n y oposici\u00f3n. Si desea m\u00e1s informaci\u00f3n puede encontrarla en la Pol\u00edtica de Privacidad de nuestra web.<\/p><p>\u2013\u00a0<a href=\"https:\/\/support.google.com\/chrome\/answer\/95647?hl=es\">Google<\/a><a href=\"https:\/\/support.google.com\/chrome\/answer\/95647?hl=es\" target=\"_blank\" rel=\"noreferrer noopener\">Chrome<\/a><\/p><p>\u2013\u00a0<a href=\"https:\/\/support.mozilla.org\/es\/kb\/habilitar-y-deshabilitar-cookies-sitios-web-rastrear-preferencias?redirectlocale=es&amp;redirectslug=habilitar-y-deshabilitar-cookies-que-los-sitios-we\">Mozilla<\/a><a href=\"https:\/\/support.mozilla.org\/es\/kb\/habilitar-y-deshabilitar-cookies-sitios-web-rastrear-preferencias?redirectlocale=es&amp;redirectslug=habilitar-y-deshabilitar-cookies-que-los-sitios-we\" target=\"_blank\" rel=\"noreferrer noopener\">Firefox<\/a><\/p><p>\u2013\u00a0<a href=\"https:\/\/support.microsoft.com\/es-es\/help\/17442\/windows-internet-explorer-delete-manage-cookies\" target=\"_blank\" rel=\"noreferrer noopener\">Internet Explorer<\/a><\/p><p>\u2013\u00a0<a href=\"https:\/\/support.apple.com\/kb\/PH19214?viewlocale=es_ES&amp;locale=es_ES\" target=\"_blank\" rel=\"noreferrer noopener\">Safari<\/a><\/p><p>\u2013\u00a0<a href=\"https:\/\/support.apple.com\/es-es\/HT201265\" target=\"_blank\" rel=\"noreferrer noopener\">Safari Mobile<\/a><\/p><p>\u2013\u00a0<a href=\"https:\/\/support.google.com\/chrome\/answer\/114662?hl=es&amp;visit_id=0-636651153012485922-2077119737&amp;rd=1\" target=\"_blank\" rel=\"noreferrer noopener\">Google Android<\/a><\/p>\t\t\t\t\t\t\t\t<\/div>\n\t\t\t\t<\/div>\n\t\t\t\t\t<\/div>\n\t\t<\/div>\n\t\t\t\t\t<\/div>\n\t\t<\/section>\n\t\t\t\t<\/div>","protected":false},"excerpt":{"rendered":"<p>Cookies Policy for TravelSoft Services Who is the editor of this website? TravelSoft Services S.L. Calle de Cal\u00e7at 6, 3\u00aa Planta, Pol\u00edgono Son Valent\u00ed, Palma de Mallorca, (Illes Balears) B19466770 What are Cookies? This website uses cookies and\/or similar technologies that store and recover information when you browse. In general, this technologies can be useful&#8230;<\/p>","protected":false},"author":1,"featured_media":0,"parent":0,"menu_order":0,"comment_status":"closed","ping_status":"closed","template":"","meta":{"footnotes":""},"class_list":["post-1646","page","type-page","status-publish","hentry"],"aioseo_notices":[],"_links":{"self":[{"href":"https:\/\/travelsoftservices.com\/es\/wp-json\/wp\/v2\/pages\/1646","targetHints":{"allow":["GET"]}}],"collection":[{"href":"https:\/\/travelsoftservices.com\/es\/wp-json\/wp\/v2\/pages"}],"about":[{"href":"https:\/\/travelsoftservices.com\/es\/wp-json\/wp\/v2\/types\/page"}],"author":[{"embeddable":true,"href":"https:\/\/travelsoftservices.com\/es\/wp-json\/wp\/v2\/users\/1"}],"replies":[{"embeddable":true,"href":"https:\/\/travelsoftservices.com\/es\/wp-json\/wp\/v2\/comments?post=1646"}],"version-history":[{"count":11,"href":"https:\/\/travelsoftservices.com\/es\/wp-json\/wp\/v2\/pages\/1646\/revisions"}],"predecessor-version":[{"id":988439,"href":"https:\/\/travelsoftservices.com\/es\/wp-json\/wp\/v2\/pages\/1646\/revisions\/988439"}],"wp:attachment":[{"href":"https:\/\/travelsoftservices.com\/es\/wp-json\/wp\/v2\/media?parent=1646"}],"curies":[{"name":"wp","href":"https:\/\/api.w.org\/{rel}","templated":true}]}}