{"id":1648,"date":"2023-03-16T13:53:41","date_gmt":"2023-03-16T13:53:41","guid":{"rendered":"https:\/\/tecnologia.vamtam.com\/?page_id=1648"},"modified":"2025-03-04T12:38:12","modified_gmt":"2025-03-04T12:38:12","slug":"privacy-policy","status":"publish","type":"page","link":"https:\/\/travelsoftservices.com\/es\/privacy-policy\/","title":{"rendered":"Pol\u00edtica de privacidad"},"content":{"rendered":"<div data-elementor-type=\"wp-page\" data-elementor-id=\"1648\" class=\"elementor elementor-1648\" data-elementor-post-type=\"page\">\n\t\t\t\t\t\t<section class=\"elementor-section elementor-top-section elementor-element elementor-element-6c5644c elementor-section-boxed elementor-section-height-default elementor-section-height-default\" data-id=\"6c5644c\" data-element_type=\"section\" data-e-type=\"section\">\n\t\t\t\t\t\t<div class=\"elementor-container elementor-column-gap-default\">\n\t\t\t\t\t<div class=\"elementor-column elementor-col-100 elementor-top-column elementor-element elementor-element-759c98e\" data-id=\"759c98e\" data-element_type=\"column\" data-e-type=\"column\">\n\t\t\t<div class=\"elementor-widget-wrap elementor-element-populated\">\n\t\t\t\t\t\t<div class=\"elementor-element elementor-element-9af75f0 animated-slow elementor-invisible elementor-widget elementor-widget-heading\" data-id=\"9af75f0\" data-element_type=\"widget\" data-e-type=\"widget\" data-settings=\"{&quot;_animation&quot;:&quot;fadeIn&quot;,&quot;_animation_tablet&quot;:&quot;none&quot;}\" data-widget_type=\"heading.default\">\n\t\t\t\t<div class=\"elementor-widget-container\">\n\t\t\t\t\t<h1 class=\"elementor-heading-title elementor-size-default\">Pol\u00edtica de privacidad<\/h1>\t\t\t\t<\/div>\n\t\t\t\t<\/div>\n\t\t\t\t<div class=\"elementor-element elementor-element-88a728c animated-slow elementor-invisible elementor-widget elementor-widget-heading\" data-id=\"88a728c\" data-element_type=\"widget\" data-e-type=\"widget\" data-settings=\"{&quot;_animation&quot;:&quot;fadeIn&quot;,&quot;_animation_tablet&quot;:&quot;none&quot;,&quot;_animation_delay&quot;:300}\" data-widget_type=\"heading.default\">\n\t\t\t\t<div class=\"elementor-widget-container\">\n\t\t\t\t\t<p class=\"elementor-heading-title elementor-size-default\">para TravelSoft Services<\/p>\t\t\t\t<\/div>\n\t\t\t\t<\/div>\n\t\t\t\t<div class=\"elementor-element elementor-element-31a03c4 elementor-widget elementor-widget-spacer\" data-id=\"31a03c4\" data-element_type=\"widget\" data-e-type=\"widget\" data-widget_type=\"spacer.default\">\n\t\t\t\t<div class=\"elementor-widget-container\">\n\t\t\t\t\t\t\t<div class=\"elementor-spacer\">\n\t\t\t<div class=\"elementor-spacer-inner\"><\/div>\n\t\t<\/div>\n\t\t\t\t\t\t<\/div>\n\t\t\t\t<\/div>\n\t\t\t\t\t<\/div>\n\t\t<\/div>\n\t\t\t\t\t<\/div>\n\t\t<\/section>\n\t\t\t\t<section class=\"elementor-section elementor-top-section elementor-element elementor-element-1fcb2d8 elementor-section-boxed elementor-section-height-default elementor-section-height-default\" data-id=\"1fcb2d8\" data-element_type=\"section\" data-e-type=\"section\">\n\t\t\t\t\t\t<div class=\"elementor-container elementor-column-gap-no\">\n\t\t\t\t\t<div class=\"elementor-column elementor-col-100 elementor-top-column elementor-element elementor-element-5923213\" data-id=\"5923213\" data-element_type=\"column\" data-e-type=\"column\">\n\t\t\t<div class=\"elementor-widget-wrap elementor-element-populated\">\n\t\t\t\t\t\t<div class=\"elementor-element elementor-element-6acf5a5 elementor-widget elementor-widget-heading\" data-id=\"6acf5a5\" data-element_type=\"widget\" data-e-type=\"widget\" data-widget_type=\"heading.default\">\n\t\t\t\t<div class=\"elementor-widget-container\">\n\t\t\t\t\t<h3 class=\"elementor-heading-title elementor-size-default\">Informaci\u00f3n sobre datos personales<\/h3>\t\t\t\t<\/div>\n\t\t\t\t<\/div>\n\t\t\t\t<div class=\"vamtam-has-theme-widget-styles elementor-element elementor-element-d10225c elementor-widget elementor-widget-text-editor\" data-id=\"d10225c\" data-element_type=\"widget\" data-e-type=\"widget\" data-widget_type=\"text-editor.default\">\n\t\t\t\t<div class=\"elementor-widget-container\">\n\t\t\t\t\t\t\t\t\t<p>De acuerdo con la normativa vigente sobre protecci\u00f3n de datos conformada por el Reglamento (UE) 2016\/679 General de Protecci\u00f3n de Datos (RGPD) y la Ley Org\u00e1nica 3\/2018, de 5 de diciembre, de Protecci\u00f3n de Datos Personales y garant\u00eda de los derechos digitales (LOPDGDD), les informamos de algunas cuestiones sobre el tratamiento de su informaci\u00f3n personal por parte de TravelSoft Services.<\/p>\t\t\t\t\t\t\t\t<\/div>\n\t\t\t\t<\/div>\n\t\t\t\t<div class=\"elementor-element elementor-element-4a7087e elementor-widget elementor-widget-heading\" data-id=\"4a7087e\" data-element_type=\"widget\" data-e-type=\"widget\" data-widget_type=\"heading.default\">\n\t\t\t\t<div class=\"elementor-widget-container\">\n\t\t\t\t\t<h3 class=\"elementor-heading-title elementor-size-default\">\u00bfQui\u00e9n es responsable del tratamiento de sus datos?<\/h3>\t\t\t\t<\/div>\n\t\t\t\t<\/div>\n\t\t\t\t<div class=\"vamtam-has-theme-widget-styles elementor-element elementor-element-ff17bec elementor-widget elementor-widget-text-editor\" data-id=\"ff17bec\" data-element_type=\"widget\" data-e-type=\"widget\" data-widget_type=\"text-editor.default\">\n\t\t\t\t<div class=\"elementor-widget-container\">\n\t\t\t\t\t\t\t\t\t<p><strong>Corporate name:\u00a0<\/strong>TravelSoft Services S.L.<\/p><p><strong>NIF:<\/strong> B19466770<\/p><p><strong>Address:\u00a0<\/strong>Calle de Cal\u00e7at 6, 3\u00aa Planta, Pol\u00edgono Son Valent\u00ed, Palma de Mallorca,\u00a0Illes Balears (Espa\u00f1a)<\/p><p><strong>Contact:\u00a0<\/strong><a href=\"mailto:info@travelsoftservices.com\">info@travelsoftservices.com<\/a><\/p>\t\t\t\t\t\t\t\t<\/div>\n\t\t\t\t<\/div>\n\t\t\t\t<div class=\"elementor-element elementor-element-066c896 elementor-widget elementor-widget-heading\" data-id=\"066c896\" data-element_type=\"widget\" data-e-type=\"widget\" data-widget_type=\"heading.default\">\n\t\t\t\t<div class=\"elementor-widget-container\">\n\t\t\t\t\t<h3 class=\"elementor-heading-title elementor-size-default\">\u00bfCu\u00e1l es la finalidad de la recogida y tratamiento de sus datos?<\/h3>\t\t\t\t<\/div>\n\t\t\t\t<\/div>\n\t\t\t\t<div class=\"vamtam-has-theme-widget-styles elementor-element elementor-element-783a250 elementor-widget elementor-widget-text-editor\" data-id=\"783a250\" data-element_type=\"widget\" data-e-type=\"widget\" data-widget_type=\"text-editor.default\">\n\t\t\t\t<div class=\"elementor-widget-container\">\n\t\t\t\t\t\t\t\t\t<p>Recogemos sus datos para poder gestionar la comercializaci\u00f3n de nuestros servicios bajo su petici\u00f3n al ponerse en contacto con nosotros.<\/p>\t\t\t\t\t\t\t\t<\/div>\n\t\t\t\t<\/div>\n\t\t\t\t<div class=\"elementor-element elementor-element-d40b075 elementor-widget elementor-widget-heading\" data-id=\"d40b075\" data-element_type=\"widget\" data-e-type=\"widget\" data-widget_type=\"heading.default\">\n\t\t\t\t<div class=\"elementor-widget-container\">\n\t\t\t\t\t<h3 class=\"elementor-heading-title elementor-size-default\">\u00bfCu\u00e1nto tiempo conservaremos sus datos?<\/h3>\t\t\t\t<\/div>\n\t\t\t\t<\/div>\n\t\t\t\t<div class=\"vamtam-has-theme-widget-styles elementor-element elementor-element-9e1f706 elementor-widget elementor-widget-text-editor\" data-id=\"9e1f706\" data-element_type=\"widget\" data-e-type=\"widget\" data-widget_type=\"text-editor.default\">\n\t\t\t\t<div class=\"elementor-widget-container\">\n\t\t\t\t\t\t\t\t\t<p>Como regla general, sus datos ser\u00e1n conservados hasta conseguir el fin para el que fueron recogidos. En todo caso ser\u00e1n conservados durante un per\u00edodo de cinco a\u00f1os, pasado el cual los destruiremos.<\/p>\t\t\t\t\t\t\t\t<\/div>\n\t\t\t\t<\/div>\n\t\t\t\t<div class=\"elementor-element elementor-element-0ff90a6 elementor-widget elementor-widget-heading\" data-id=\"0ff90a6\" data-element_type=\"widget\" data-e-type=\"widget\" data-widget_type=\"heading.default\">\n\t\t\t\t<div class=\"elementor-widget-container\">\n\t\t\t\t\t<h3 class=\"elementor-heading-title elementor-size-default\">\u00bfSe toman decisiones automatizadas sobre sus datos?<\/h3>\t\t\t\t<\/div>\n\t\t\t\t<\/div>\n\t\t\t\t<div class=\"vamtam-has-theme-widget-styles elementor-element elementor-element-270b9b7 elementor-widget elementor-widget-text-editor\" data-id=\"270b9b7\" data-element_type=\"widget\" data-e-type=\"widget\" data-widget_type=\"text-editor.default\">\n\t\t\t\t<div class=\"elementor-widget-container\">\n\t\t\t\t\t\t\t\t\t<p>No est\u00e1 prevista la realizaci\u00f3n de decisiones automatizadas sobre sus datos personales.<\/p>\t\t\t\t\t\t\t\t<\/div>\n\t\t\t\t<\/div>\n\t\t\t\t<div class=\"elementor-element elementor-element-515bd51 elementor-widget elementor-widget-heading\" data-id=\"515bd51\" data-element_type=\"widget\" data-e-type=\"widget\" data-widget_type=\"heading.default\">\n\t\t\t\t<div class=\"elementor-widget-container\">\n\t\t\t\t\t<h3 class=\"elementor-heading-title elementor-size-default\">\u00bfCu\u00e1l es la legitimaci\u00f3n para el tratamiento de sus datos?<\/h3>\t\t\t\t<\/div>\n\t\t\t\t<\/div>\n\t\t\t\t<div class=\"vamtam-has-theme-widget-styles elementor-element elementor-element-732e8ef elementor-widget elementor-widget-text-editor\" data-id=\"732e8ef\" data-element_type=\"widget\" data-e-type=\"widget\" data-widget_type=\"text-editor.default\">\n\t\t\t\t<div class=\"elementor-widget-container\">\n\t\t\t\t\t\t\t\t\t<p class=\"translation-block\"><strong>El Consentimiento<\/strong>\u00a0ser\u00e1 la base de legitimaci\u00f3n.<\/p><p>Asimismo, el tratamiento de sus datos estar\u00e1 basada en la ejecuci\u00f3n de medidas precontractuales adoptadas a su solicitud y cuyo tratamiento es imprescindible para la ejecuci\u00f3n de sus solicitudes.<\/p>\t\t\t\t\t\t\t\t<\/div>\n\t\t\t\t<\/div>\n\t\t\t\t<div class=\"elementor-element elementor-element-fc7b93e elementor-widget elementor-widget-heading\" data-id=\"fc7b93e\" data-element_type=\"widget\" data-e-type=\"widget\" data-widget_type=\"heading.default\">\n\t\t\t\t<div class=\"elementor-widget-container\">\n\t\t\t\t\t<h3 class=\"elementor-heading-title elementor-size-default\">\u00bfA qui\u00e9n comunicamos sus datos?<\/h3>\t\t\t\t<\/div>\n\t\t\t\t<\/div>\n\t\t\t\t<div class=\"vamtam-has-theme-widget-styles elementor-element elementor-element-dabd193 elementor-widget elementor-widget-text-editor\" data-id=\"dabd193\" data-element_type=\"widget\" data-e-type=\"widget\" data-widget_type=\"text-editor.default\">\n\t\t\t\t<div class=\"elementor-widget-container\">\n\t\t\t\t\t\t\t\t\t<p>No comunicaremos sus datos en ninguna circunstancia. En cualquier caso, si prevemos hacerlo le solicitaremos su permiso previamente, por lo que tampoco se esperan transferencias internacionales.<\/p>\t\t\t\t\t\t\t\t<\/div>\n\t\t\t\t<\/div>\n\t\t\t\t<div class=\"elementor-element elementor-element-98daa0a elementor-widget elementor-widget-heading\" data-id=\"98daa0a\" data-element_type=\"widget\" data-e-type=\"widget\" data-widget_type=\"heading.default\">\n\t\t\t\t<div class=\"elementor-widget-container\">\n\t\t\t\t\t<h3 class=\"elementor-heading-title elementor-size-default\">\u00bfCu\u00e1les son sus derechos al facilitarnos sus datos?<\/h3>\t\t\t\t<\/div>\n\t\t\t\t<\/div>\n\t\t\t\t<div class=\"vamtam-has-theme-widget-styles elementor-element elementor-element-d77e684 elementor-widget elementor-widget-text-editor\" data-id=\"d77e684\" data-element_type=\"widget\" data-e-type=\"widget\" data-widget_type=\"text-editor.default\">\n\t\t\t\t<div class=\"elementor-widget-container\">\n\t\t\t\t\t\t\t\t\t<p>Usted debe saber que, por el hecho de tratar sus datos personales, dispone de unos derechos que detallamos a continuaci\u00f3n:<\/p><ul class=\"wp-block-list\"><li>Derecho de acceso: Podr\u00e1 solicitar acceso a todos sus datos personales que tratamos.<\/li><li>Derecho de rectificaci\u00f3n: Tendr\u00e1 derecho a rectificar sus datos, bien porque son inexactos o porque han cambiado.<\/li><li>Derecho de supresi\u00f3n: Igualmente podr\u00e1 solicitar el borrado de sus datos siempre y cuando no concurran alguna de las causas del art. 17.3 RGPD<\/li><li>Derecho de oposici\u00f3n: Tendr\u00e1 derecho a solicitar que no se traten sus datos personales para determinados fines.<\/li><li class=\"translation-block\"><strong>Derecho a la limitaci\u00f3n del tratamiento: <\/strong> Tambi\u00e9n podr\u00e1 solicitar la limitaci\u00f3n del tratamiento de sus datos en los siguientes casos: Durante el estudio de impugnaci\u00f3n por la inexactitud de sus datos. Si el tratamiento es il\u00edcito, usted se oponga a la supresi\u00f3n de los datos. Cuando no necesitemos tratar sus datos, pero usted los necesite para el ejercicio o defensa ante posibles reclamaciones. Si usted se ha opuesto al tratamiento de los datos alegando inter\u00e9s p\u00fablico o leg\u00edtimo, mientras estamos analizando si nuestros motivos para el tratamiento prevalecen sobre sus intereses.<\/li><li class=\"translation-block\"><strong>Derecho a la portabilidad:<\/strong> Tendr\u00e1 derecho a que le entreguemos sus datos personales en formato electr\u00f3nico, de forma que sea manejable por usted.<\/li><li class=\"translation-block\"><strong>Derecho a no ser objeto de decisiones individuales automatizadas:<\/strong> Por \u00faltimo, tendr\u00e1 derecho a que usted no sea objeto de una decisi\u00f3n basada en el tratamiento automatizado de sus datos personales y pueda producir efectos jur\u00eddicos sobre usted.<\/li><\/ul><p>Cuando la base de legitimaci\u00f3n para el tratamiento de los datos se base en su consentimiento, usted tiene derecho a retirar dicho consentimiento en cualquier momento.<\/p><p>Para poder ejercer estos derechos, puede remitirnos su solicitud a la direcci\u00f3n postal o electr\u00f3nica que encontrar\u00e1 al inicio de la presente Pol\u00edtica de Privacidad con el derecho que ejerce y aportando una copia de su documento identificativo (DNI\/NIE) o su Pasaporte<\/p><p class=\"translation-block\">Adem\u00e1s, le recordamos que tambi\u00e9n tiene la posibilidad de presentar una reclamaci\u00f3n ante la Autoridad de Control. Si desea m\u00e1s informaci\u00f3n puede consultar la web de la Agencia Espa\u00f1ola de Protecci\u00f3n de Datos<a href=\"https:\/\/www.aepd.es\/\" target=\"_self\">, www.aepd.es.<\/a><\/p>\t\t\t\t\t\t\t\t<\/div>\n\t\t\t\t<\/div>\n\t\t\t\t<div class=\"elementor-element elementor-element-b067858 elementor-widget elementor-widget-heading\" data-id=\"b067858\" data-element_type=\"widget\" data-e-type=\"widget\" data-widget_type=\"heading.default\">\n\t\t\t\t<div class=\"elementor-widget-container\">\n\t\t\t\t\t<h3 class=\"elementor-heading-title elementor-size-default\">\u00bfEst\u00e1n seguros sus datos?<\/h3>\t\t\t\t<\/div>\n\t\t\t\t<\/div>\n\t\t\t\t<div class=\"vamtam-has-theme-widget-styles elementor-element elementor-element-22c0e00 elementor-widget elementor-widget-text-editor\" data-id=\"22c0e00\" data-element_type=\"widget\" data-e-type=\"widget\" data-widget_type=\"text-editor.default\">\n\t\t\t\t<div class=\"elementor-widget-container\">\n\t\t\t\t\t\t\t\t\t<p>En TravelSoft Services recogemos, tratamos y almacenamos sus datos aplicando pol\u00edticas y normas de seguridad de la informaci\u00f3n. Estas medidas de seguridad aplican tanto a la informaci\u00f3n en formato electr\u00f3nico como en papel, y garantizan la confidencialidad, integridad y disponibilidad de sus datos. En caso de que exista un evento o incidente que comprometa sus datos, se lo comunicaremos con la mayor brevedad posible.<\/p>\t\t\t\t\t\t\t\t<\/div>\n\t\t\t\t<\/div>\n\t\t\t\t<div class=\"elementor-element elementor-element-919c21c elementor-widget elementor-widget-heading\" data-id=\"919c21c\" data-element_type=\"widget\" data-e-type=\"widget\" data-widget_type=\"heading.default\">\n\t\t\t\t<div class=\"elementor-widget-container\">\n\t\t\t\t\t<h3 class=\"elementor-heading-title elementor-size-default\">Otras preguntas<\/h3>\t\t\t\t<\/div>\n\t\t\t\t<\/div>\n\t\t\t\t<div class=\"vamtam-has-theme-widget-styles elementor-element elementor-element-9f9bfc4 elementor-widget elementor-widget-text-editor\" data-id=\"9f9bfc4\" data-element_type=\"widget\" data-e-type=\"widget\" data-widget_type=\"text-editor.default\">\n\t\t\t\t<div class=\"elementor-widget-container\">\n\t\t\t\t\t\t\t\t\t<p>TravelSoft Services en alg\u00fan caso condiciona la utilizaci\u00f3n del Servicio a la previa cumplimentaci\u00f3n del correspondiente registro de Usuario, debiendo indicar como m\u00ednimo la informaci\u00f3n marcada con un punto amarillo sobre determinados datos personales.<\/p><p>Le recordamos que para llevar a cabo una correcta prestaci\u00f3n del servicio deber\u00e1 proporcionarnos los datos exactos y veraces, reserv\u00e1ndose el derecho de exclusi\u00f3n de los servicios a los interesados que hayan aportado una informaci\u00f3n falsa y sin perjuicio de las acciones legales que el Responsable puede iniciar.<\/p><p>Cuando usted haga una reserva para otra persona a trav\u00e9s de TravelSoft Services, solicitaremos informaci\u00f3n personal y preferencias de viaje de esa persona. Deber\u00e1 obtener el consentimiento de estas otras personas antes de facilitarnos su informaci\u00f3n personal y sus preferencias de viaje.<\/p>\t\t\t\t\t\t\t\t<\/div>\n\t\t\t\t<\/div>\n\t\t\t\t<div class=\"elementor-element elementor-element-e28249e elementor-widget elementor-widget-heading\" data-id=\"e28249e\" data-element_type=\"widget\" data-e-type=\"widget\" data-widget_type=\"heading.default\">\n\t\t\t\t<div class=\"elementor-widget-container\">\n\t\t\t\t\t<h3 class=\"elementor-heading-title elementor-size-default\">Cambios en la pol\u00edtica de privacidad<\/h3>\t\t\t\t<\/div>\n\t\t\t\t<\/div>\n\t\t\t\t<div class=\"vamtam-has-theme-widget-styles elementor-element elementor-element-9118b63 elementor-widget elementor-widget-text-editor\" data-id=\"9118b63\" data-element_type=\"widget\" data-e-type=\"widget\" data-widget_type=\"text-editor.default\">\n\t\t\t\t<div class=\"elementor-widget-container\">\n\t\t\t\t\t\t\t\t\t<p>Le recordamos que nuestra Pol\u00edtica de Privacidad puede ser actualizada en el futuro.<\/p><p>Le informaremos sobre cambios sustanciales en esta Pol\u00edtica de Privacidad envi\u00e1ndole un aviso a la direcci\u00f3n de correo electr\u00f3nico que nos facilit\u00f3 y colocando un aviso en un lugar prominente de nuestro sitio web.<\/p>\t\t\t\t\t\t\t\t<\/div>\n\t\t\t\t<\/div>\n\t\t\t\t\t<\/div>\n\t\t<\/div>\n\t\t\t\t\t<\/div>\n\t\t<\/section>\n\t\t\t\t<\/div>","protected":false},"excerpt":{"rendered":"<p>Privacy Policy for TravelSoft Services Persona data information In accordance with current regulations on data protection conformed by Regulation (EU) 2016\/679 General Data Protection (GDPR) and Organic Law 3\/2018, of December 5, on Personal Data Protection and guarantee of digital rights (LOPDGDD), we inform you of some questions about the treatment of your personal information&#8230;<\/p>","protected":false},"author":1,"featured_media":0,"parent":0,"menu_order":0,"comment_status":"closed","ping_status":"closed","template":"","meta":{"footnotes":""},"class_list":["post-1648","page","type-page","status-publish","hentry"],"aioseo_notices":[],"_links":{"self":[{"href":"https:\/\/travelsoftservices.com\/es\/wp-json\/wp\/v2\/pages\/1648","targetHints":{"allow":["GET"]}}],"collection":[{"href":"https:\/\/travelsoftservices.com\/es\/wp-json\/wp\/v2\/pages"}],"about":[{"href":"https:\/\/travelsoftservices.com\/es\/wp-json\/wp\/v2\/types\/page"}],"author":[{"embeddable":true,"href":"https:\/\/travelsoftservices.com\/es\/wp-json\/wp\/v2\/users\/1"}],"replies":[{"embeddable":true,"href":"https:\/\/travelsoftservices.com\/es\/wp-json\/wp\/v2\/comments?post=1648"}],"version-history":[{"count":3,"href":"https:\/\/travelsoftservices.com\/es\/wp-json\/wp\/v2\/pages\/1648\/revisions"}],"predecessor-version":[{"id":988003,"href":"https:\/\/travelsoftservices.com\/es\/wp-json\/wp\/v2\/pages\/1648\/revisions\/988003"}],"wp:attachment":[{"href":"https:\/\/travelsoftservices.com\/es\/wp-json\/wp\/v2\/media?parent=1648"}],"curies":[{"name":"wp","href":"https:\/\/api.w.org\/{rel}","templated":true}]}}